{"id":5,"date":"2010-05-31T10:24:43","date_gmt":"2010-05-31T09:24:43","guid":{"rendered":"http:\/\/blogs.deia.com\/bogandoporlared\/?page_id=5"},"modified":"2025-05-21T11:48:06","modified_gmt":"2025-05-21T10:48:06","slug":"quien-es-iker-merodio","status":"publish","type":"page","link":"https:\/\/blogs.deia.eus\/bogandoporlared\/quien-es-iker-merodio\/","title":{"rendered":"Sobre esta bit\u00e1cora y su autor"},"content":{"rendered":"<p>Soy Iker Merodio, nac\u00ed y crec\u00ed en Portugalete, y soy periodista. Escribo la columna \u00abBogando por la red\u00bb casi a diario desde el 1 de enero de 2009 en DEIA, y m\u00e1s adelante tambi\u00e9n en el Noticias de Gipuzkoa.<\/p>\n<p>Este blog es la traslaci\u00f3n digital de lo que aparece publicado en el papel cada ma\u00f1ana. En las versiones digitales del Noticias de Araba y Noticias de Navarra.<\/p>\n<p>Eskerrik asko, gracias a las y los lectores, y a las y los diferentes directores y jefes de secci\u00f3n que han confiado en m\u00ed desde que, en junio de 2005, apareci\u00f3 publicado mi primer art\u00edculo de opini\u00f3n en DEIA.<\/p>\n\n\n<p><\/p>\n<!-- AddThis Advanced Settings generic via filter on the_content --><!-- AddThis Share Buttons generic via filter on the_content -->","protected":false},"excerpt":{"rendered":"<p>Soy Iker Merodio, nac\u00ed y crec\u00ed en Portugalete, y soy periodista. Escribo la columna \u00abBogando por la red\u00bb casi a diario desde el 1 de enero de 2009 en DEIA, y m\u00e1s adelante tambi\u00e9n en el Noticias de Gipuzkoa. Este blog es la traslaci\u00f3n digital de lo que aparece publicado en el papel cada ma\u00f1ana. &hellip; <a href=\"https:\/\/blogs.deia.eus\/bogandoporlared\/quien-es-iker-merodio\/\" class=\"more-link\">Sigue leyendo <span class=\"screen-reader-text\">Sobre esta bit\u00e1cora y su autor<\/span><\/a><!-- AddThis Advanced Settings generic via filter on get_the_excerpt --><!-- AddThis Share Buttons generic via filter on get_the_excerpt --><\/p>\n","protected":false},"author":5,"featured_media":0,"parent":0,"menu_order":0,"comment_status":"closed","ping_status":"closed","template":"","meta":{"footnotes":""},"class_list":["post-5","page","type-page","status-publish","hentry"],"_links":{"self":[{"href":"https:\/\/blogs.deia.eus\/bogandoporlared\/wp-json\/wp\/v2\/pages\/5","targetHints":{"allow":["GET"]}}],"collection":[{"href":"https:\/\/blogs.deia.eus\/bogandoporlared\/wp-json\/wp\/v2\/pages"}],"about":[{"href":"https:\/\/blogs.deia.eus\/bogandoporlared\/wp-json\/wp\/v2\/types\/page"}],"author":[{"embeddable":true,"href":"https:\/\/blogs.deia.eus\/bogandoporlared\/wp-json\/wp\/v2\/users\/5"}],"replies":[{"embeddable":true,"href":"https:\/\/blogs.deia.eus\/bogandoporlared\/wp-json\/wp\/v2\/comments?post=5"}],"version-history":[{"count":58,"href":"https:\/\/blogs.deia.eus\/bogandoporlared\/wp-json\/wp\/v2\/pages\/5\/revisions"}],"predecessor-version":[{"id":18391,"href":"https:\/\/blogs.deia.eus\/bogandoporlared\/wp-json\/wp\/v2\/pages\/5\/revisions\/18391"}],"wp:attachment":[{"href":"https:\/\/blogs.deia.eus\/bogandoporlared\/wp-json\/wp\/v2\/media?parent=5"}],"curies":[{"name":"wp","href":"https:\/\/api.w.org\/{rel}","templated":true}]}}