{"id":6649,"date":"2014-05-22T11:00:08","date_gmt":"2014-05-22T10:00:08","guid":{"rendered":"http:\/\/blogs.deia.com\/bogandoporlared\/?page_id=6649"},"modified":"2023-12-13T12:51:01","modified_gmt":"2023-12-13T11:51:01","slug":"comentarios","status":"publish","type":"page","link":"https:\/\/blogs.deia.eus\/bogandoporlared\/comentarios\/","title":{"rendered":"Este blog no admite comentarios"},"content":{"rendered":"<p>Este blog no es un blog: es la traslaci\u00f3n a la web de Deia de la columna diaria que se publica completa en este diario y en el Noticias de Gipuzkoa. En diferentes fases los comentarios han estado abiertos y, sinceramente, no me han aportado nada y solo me han quitado tiempo. Quienes participan no lo hacen, salvo excepciones, para ampliar reflexiones, contrastar o aportar datos, sino para colocar su propio relato. Finalmente, quienes participan no son, ni mucho menos, representativos de la sociedad vasca que accede a la columna cada d\u00eda en los peri\u00f3dicos en que se publica. As\u00ed que no hay nada que me anime a tener abierta la opci\u00f3n de dejar comentarios.<\/p>\n<!-- AddThis Advanced Settings generic via filter on the_content --><!-- AddThis Share Buttons generic via filter on the_content -->","protected":false},"excerpt":{"rendered":"<p>Este blog no es un blog: es la traslaci\u00f3n a la web de Deia de la columna diaria que se publica completa en este diario y en el Noticias de Gipuzkoa. En diferentes fases los comentarios han estado abiertos y, sinceramente, no me han aportado nada y solo me han quitado tiempo. Quienes participan no &hellip; <a href=\"https:\/\/blogs.deia.eus\/bogandoporlared\/comentarios\/\" class=\"more-link\">Sigue leyendo <span class=\"screen-reader-text\">Este blog no admite comentarios<\/span><\/a><!-- AddThis Advanced Settings generic via filter on get_the_excerpt --><!-- AddThis Share Buttons generic via filter on get_the_excerpt --><\/p>\n","protected":false},"author":5,"featured_media":0,"parent":0,"menu_order":0,"comment_status":"closed","ping_status":"closed","template":"","meta":{"footnotes":""},"class_list":["post-6649","page","type-page","status-publish","hentry"],"_links":{"self":[{"href":"https:\/\/blogs.deia.eus\/bogandoporlared\/wp-json\/wp\/v2\/pages\/6649","targetHints":{"allow":["GET"]}}],"collection":[{"href":"https:\/\/blogs.deia.eus\/bogandoporlared\/wp-json\/wp\/v2\/pages"}],"about":[{"href":"https:\/\/blogs.deia.eus\/bogandoporlared\/wp-json\/wp\/v2\/types\/page"}],"author":[{"embeddable":true,"href":"https:\/\/blogs.deia.eus\/bogandoporlared\/wp-json\/wp\/v2\/users\/5"}],"replies":[{"embeddable":true,"href":"https:\/\/blogs.deia.eus\/bogandoporlared\/wp-json\/wp\/v2\/comments?post=6649"}],"version-history":[{"count":11,"href":"https:\/\/blogs.deia.eus\/bogandoporlared\/wp-json\/wp\/v2\/pages\/6649\/revisions"}],"predecessor-version":[{"id":16990,"href":"https:\/\/blogs.deia.eus\/bogandoporlared\/wp-json\/wp\/v2\/pages\/6649\/revisions\/16990"}],"wp:attachment":[{"href":"https:\/\/blogs.deia.eus\/bogandoporlared\/wp-json\/wp\/v2\/media?parent=6649"}],"curies":[{"name":"wp","href":"https:\/\/api.w.org\/{rel}","templated":true}]}}